{"id":10,"date":"2019-07-16T08:24:04","date_gmt":"2019-07-16T06:24:04","guid":{"rendered":"http:\/\/martyho.net\/?page_id=10"},"modified":"2024-08-27T21:12:13","modified_gmt":"2024-08-27T19:12:13","slug":"stranka-1","status":"publish","type":"page","link":"https:\/\/martyho.net\/index.php\/stranka-1\/","title":{"rendered":"O n\u00e1s"},"content":{"rendered":"\n<p>Martina bav\u00ed kut\u011bn\u00ed, obr\u00e1b\u011bn\u00ed r\u016fzn\u00fdch materi\u00e1l\u016f, programov\u00e1n\u00ed, a v\u0161echno technick\u00e9ho charakteru. Nejv\u00edce zaj\u00edmav\u00e9 jsou v\u011bci, kter\u00e9 &#8222;nejdou vy\u0159e\u0161it&#8220;.<\/p>\n\n\n\n<p>Ji\u0159inku bav\u00ed zahrada, ru\u010dn\u00ed pr\u00e1ce, \u010dten\u00ed a tvo\u0159en\u00ed s d\u011btmi. A u\u017e m\u00e1 sv\u00e9 vlastn\u00ed str\u00e1nky: <a href=\"https:\/\/jirinka.martyho.net\/\">https:\/\/jirinka.martyho.net\/<\/a><\/p>\n\n\n\n<p>Pokud se s n\u00e1m chcete spojit, vyu\u017eijte koment\u00e1\u0159e u \u010dl\u00e1nk\u016f nebo e-mail:  fpu (a) martyho.net<\/p>\n","protected":false},"excerpt":{"rendered":"<p>Martina bav\u00ed kut\u011bn\u00ed, obr\u00e1b\u011bn\u00ed r\u016fzn\u00fdch materi\u00e1l\u016f, programov\u00e1n\u00ed, a v\u0161echno technick\u00e9ho charakteru. Nejv\u00edce zaj\u00edmav\u00e9 jsou v\u011bci, kter\u00e9 &#8222;nejdou vy\u0159e\u0161it&#8220;. Ji\u0159inku bav\u00ed zahrada, ru\u010dn\u00ed pr\u00e1ce, \u010dten\u00ed a tvo\u0159en\u00ed s d\u011btmi. A u\u017e m\u00e1 sv\u00e9 vlastn\u00ed str\u00e1nky: https:\/\/jirinka.martyho.net\/ Pokud se s n\u00e1m chcete spojit, vyu\u017eijte koment\u00e1\u0159e u \u010dl\u00e1nk\u016f nebo e-mail: fpu (a) martyho.net<\/p>\n","protected":false},"author":1,"featured_media":0,"parent":0,"menu_order":0,"comment_status":"closed","ping_status":"closed","template":"","meta":{"footnotes":""},"_links":{"self":[{"href":"https:\/\/martyho.net\/index.php\/wp-json\/wp\/v2\/pages\/10"}],"collection":[{"href":"https:\/\/martyho.net\/index.php\/wp-json\/wp\/v2\/pages"}],"about":[{"href":"https:\/\/martyho.net\/index.php\/wp-json\/wp\/v2\/types\/page"}],"author":[{"embeddable":true,"href":"https:\/\/martyho.net\/index.php\/wp-json\/wp\/v2\/users\/1"}],"replies":[{"embeddable":true,"href":"https:\/\/martyho.net\/index.php\/wp-json\/wp\/v2\/comments?post=10"}],"version-history":[{"count":5,"href":"https:\/\/martyho.net\/index.php\/wp-json\/wp\/v2\/pages\/10\/revisions"}],"predecessor-version":[{"id":4035,"href":"https:\/\/martyho.net\/index.php\/wp-json\/wp\/v2\/pages\/10\/revisions\/4035"}],"wp:attachment":[{"href":"https:\/\/martyho.net\/index.php\/wp-json\/wp\/v2\/media?parent=10"}],"curies":[{"name":"wp","href":"https:\/\/api.w.org\/{rel}","templated":true}]}}